{"id":549,"date":"2025-08-08T15:55:50","date_gmt":"2025-08-08T08:55:50","guid":{"rendered":"https:\/\/platolog.com\/lien-he"},"modified":"2025-08-11T14:35:54","modified_gmt":"2025-08-11T07:35:54","slug":"contact","status":"publish","type":"page","link":"https:\/\/platolog.com\/en\/contact","title":{"rendered":"Contact"},"content":{"rendered":"\n<p><iframe style=\"border: 0;\" src=\"https:\/\/www.google.com\/maps\/embed?pb=!1m18!1m12!1m3!1d979.8279519345168!2d106.6845047291664!3d10.787413499519653!2m3!1f0!2f0!3f0!3m2!1i1024!2i768!4f13.1!3m3!1m2!1s0x3175298a24586347%3A0xc310e45015e5674d!2zVMOyYSBOaMOgIEFuIFBow7ogUGxhemE!5e0!3m2!1svi!2s!4v1678124762393!5m2!1svi!2s\" width=\"100%\" height=\"450\" allowfullscreen=\"allowfullscreen\"><\/iframe><\/p>\n<h3>\n\t\tLI\u00caN H\u1ec6<br \/>\n\t<\/h3>\n<p> T\u1ea7ng 3, t\u00f2a nh\u00e0 An Ph\u00fa Plaza, 117-119 L\u00fd Ch\u00ednh Th\u1eafng, Ph\u01b0\u1eddng V\u00f5 Th\u1ecb S\u00e1u, Qu\u1eadn 3, Th\u00e0nh Ph\u1ed1 H\u1ed3 Ch\u00ed Minh , Vi\u1ec7t Nam.<\/p>\n<p><strong> Ms. Alice Ngo:<\/strong><\/p>\n<p> Di \u0111\u1ed9ng: <a href=\"tel:0938859828\">0938.859.828<\/a><\/p>\n<p> Email: <a href=\"mailto:oprtn@platolog.com\">oprtn@platolog.com<\/a><\/p>\n<h3>\n\t\tGI\u1edc M\u1ede C\u1eecA<br \/>\n\t<\/h3>\n<dl>\n<dt>Th\u1ee9 hai<\/dt>\n<dd>8:00 &#8211; 18:00<\/dd>\n<\/dl>\n<dl>\n<dt>Th\u1ee9 ba<\/dt>\n<dd>8:00 &#8211; 18:00<\/dd>\n<\/dl>\n<dl>\n<dt>Th\u1ee9 t\u01b0<\/dt>\n<dd>8:00 &#8211; 18:00<\/dd>\n<\/dl>\n<dl>\n<dt>Th\u1ee9 n\u0103m<\/dt>\n<dd>8:00 &#8211; 18:00<\/dd>\n<\/dl>\n<dl>\n<dt>Th\u1ee9 s\u00e1u<\/dt>\n<dd>8:00 &#8211; 18:00<\/dd>\n<\/dl>\n<dl>\n<dt>Th\u1ee9 b\u1ea3y<\/dt>\n<dd>8:00 &#8211; 18:00<\/dd>\n<\/dl>\n<dl>\n<dt>Ch\u1ee7 nh\u1eadt<\/dt>\n<dd>\u0110\u00f3ng c\u1eeda<\/dd>\n<\/dl>\n<h3>\n\t\tT\u01af V\u1ea4N V\u00c0 GI\u1ea2I \u0110\u00c1P<br \/>\n\t<\/h3>\n<p>Ch\u00fang t\u00f4i cung c\u1ea5p h\u1ec7 th\u1ed1ng qu\u1ea3n l\u00ed h\u00e0ng t\u1ed3n kho hi\u1ec7u qu\u1ea3 v\u00e0 ti\u00ean ti\u1ebfn, th\u1ef1c hi\u1ec7n c\u00e1c \u0111\u01a1n h\u00e0ng \u0111\u1ea3m b\u1ea3o cho chu\u1ed7i cung \u1ee9ng \u0111\u01b0\u1ee3c li\u00ean t\u1ee5c v\u00e0 hi\u1ec7u qu\u1ea3.<\/p>\n<div role=\"form\" class=\"wpcf7\" id=\"wpcf7-f240-o1\" lang=\"en-US\" dir=\"ltr\">\n<div class=\"screen-reader-response\"><\/div>\n<form action=\"\/en\/wp-json\/wp\/v2\/pages\/549#wpcf7-f240-o1\" method=\"post\" class=\"wpcf7-form\" novalidate=\"novalidate\">\n<div style=\"display: none;\">\n<input type=\"hidden\" name=\"_wpcf7\" value=\"240\" \/>\n<input type=\"hidden\" name=\"_wpcf7_version\" value=\"5.1.1\" \/>\n<input type=\"hidden\" name=\"_wpcf7_locale\" value=\"en_US\" \/>\n<input type=\"hidden\" name=\"_wpcf7_unit_tag\" value=\"wpcf7-f240-o1\" \/>\n<input type=\"hidden\" name=\"_wpcf7_container_post\" value=\"0\" \/>\n<input type=\"hidden\" name=\"g-recaptcha-response\" value=\"\" \/>\n<\/div>\n<div style=\"display: none\"><p><span class=\"wpcf7-form-control-wrap\" data-name=\"mbws\"><input size=\"40\" class=\"wpcf7-form-control wpcf7-text\" aria-invalid=\"false\" value=\"\" type=\"text\" name=\"mbws\"><\/span><\/p><\/div><div class=\"row\">\n<div class=\"col-xs-12 col-md-4\">\n<div class=\"form-group\">\n      <span class=\"wpcf7-form-control-wrap first_name\"><input type=\"text\" name=\"first_name\" value=\"\" size=\"40\" class=\"wpcf7-form-control wpcf7-text wpcf7-validates-as-required\" aria-required=\"true\" aria-invalid=\"false\" placeholder=\"H\u1ecd *\" \/><\/span>\n    <\/div>\n<\/p><\/div>\n<div class=\"col-xs-12 col-md-4\">\n<div class=\"form-group\">\n      <span class=\"wpcf7-form-control-wrap last_name\"><input type=\"text\" name=\"last_name\" value=\"\" size=\"40\" class=\"wpcf7-form-control wpcf7-text wpcf7-validates-as-required\" aria-required=\"true\" aria-invalid=\"false\" placeholder=\"T\u00ean *\" \/><\/span>\n    <\/div>\n<\/p><\/div>\n<\/div>\n<div class=\"row\">\n<div class=\"col-xs-12 col-md-4\">\n<div class=\"form-group\">\n      <span class=\"wpcf7-form-control-wrap your_email\"><input type=\"email\" name=\"your_email\" value=\"\" size=\"40\" class=\"wpcf7-form-control wpcf7-text wpcf7-email wpcf7-validates-as-required wpcf7-validates-as-email\" aria-required=\"true\" aria-invalid=\"false\" placeholder=\"Email *\" \/><\/span>\n    <\/div>\n<\/p><\/div>\n<div class=\"col-xs-12 col-md-4\">\n<div class=\"form-group\">\n      <span class=\"wpcf7-form-control-wrap phone\"><input type=\"tel\" name=\"phone\" value=\"\" size=\"40\" class=\"wpcf7-form-control wpcf7-text wpcf7-tel wpcf7-validates-as-tel\" aria-invalid=\"false\" placeholder=\"\u0110i\u1ec7n tho\u1ea1i\" \/><\/span>\n    <\/div>\n<\/p><\/div>\n<\/div>\n<div class=\"row\">\n<div class=\"col-xs-12 col-md-8\">\n<div class=\"form-group\">\n      <span class=\"wpcf7-form-control-wrap subject\"><input type=\"text\" name=\"subject\" value=\"\" size=\"40\" class=\"wpcf7-form-control wpcf7-text wpcf7-validates-as-required\" aria-required=\"true\" aria-invalid=\"false\" placeholder=\"Ti\u00eau \u0111\u1ec1 *\" \/><\/span>\n    <\/div>\n<div class=\"form-group\" style=\"display:none;\">\n      <span class=\"wpcf7-form-control-wrap your_subject\"><input type=\"text\" name=\"your_subject\" value=\"Li\u00ean h\u1ec7\" size=\"40\" class=\"wpcf7-form-control wpcf7-text wpcf7-validates-as-required\" aria-required=\"true\" aria-invalid=\"false\" \/><\/span>\n    <\/div>\n<\/p><\/div>\n<div class=\"col-xs-12\">\n<div class=\"form-group\">\n      <span class=\"wpcf7-form-control-wrap message\"><textarea name=\"message\" cols=\"40\" rows=\"10\" class=\"wpcf7-form-control wpcf7-textarea wpcf7-validates-as-required\" aria-required=\"true\" aria-invalid=\"false\" placeholder=\"N\u1ed9i dung *\"><\/textarea><\/span>\n    <\/div>\n<p>    <input type=\"submit\" value=\"G\u1eecI\" class=\"wpcf7-form-control wpcf7-submit\" \/>\n  <\/p><\/div>\n<\/div>\n<div class=\"wpcf7-response-output wpcf7-display-none\"><\/div><\/form><\/div>\n","protected":false},"excerpt":{"rendered":"<p>LI\u00caN H\u1ec6 T\u1ea7ng 3, t\u00f2a nh\u00e0 An Ph\u00fa Plaza, 117-119 L\u00fd Ch\u00ednh Th\u1eafng, Ph\u01b0\u1eddng V\u00f5 Th\u1ecb S\u00e1u, Qu\u1eadn 3, Th\u00e0nh Ph\u1ed1 H\u1ed3 Ch\u00ed Minh , Vi\u1ec7t Nam. Ms. Alice Ngo: Di \u0111\u1ed9ng: 0938.859.828 Email: oprtn@platolog.com GI\u1edc M\u1ede C\u1eecA Th\u1ee9 hai 8:00 &#8211; 18:00 Th\u1ee9 ba 8:00 &#8211; 18:00 Th\u1ee9 t\u01b0 8:00 &#8211; 18:00 Th\u1ee9 n\u0103m&hellip;<\/p>\n","protected":false},"author":2,"featured_media":0,"parent":0,"menu_order":0,"comment_status":"closed","ping_status":"closed","template":"","meta":[],"_links":{"self":[{"href":"https:\/\/platolog.com\/en\/wp-json\/wp\/v2\/pages\/549"}],"collection":[{"href":"https:\/\/platolog.com\/en\/wp-json\/wp\/v2\/pages"}],"about":[{"href":"https:\/\/platolog.com\/en\/wp-json\/wp\/v2\/types\/page"}],"author":[{"embeddable":true,"href":"https:\/\/platolog.com\/en\/wp-json\/wp\/v2\/users\/2"}],"replies":[{"embeddable":true,"href":"https:\/\/platolog.com\/en\/wp-json\/wp\/v2\/comments?post=549"}],"version-history":[{"count":5,"href":"https:\/\/platolog.com\/en\/wp-json\/wp\/v2\/pages\/549\/revisions"}],"predecessor-version":[{"id":569,"href":"https:\/\/platolog.com\/en\/wp-json\/wp\/v2\/pages\/549\/revisions\/569"}],"wp:attachment":[{"href":"https:\/\/platolog.com\/en\/wp-json\/wp\/v2\/media?parent=549"}],"curies":[{"name":"wp","href":"https:\/\/api.w.org\/{rel}","templated":true}]}}